{"id":586,"date":"2023-01-05T08:55:20","date_gmt":"2023-01-05T08:55:20","guid":{"rendered":"https:\/\/ifingerstudio.com\/spondtech\/?page_id=586"},"modified":"2026-03-26T11:34:56","modified_gmt":"2026-03-26T10:34:56","slug":"services","status":"publish","type":"page","link":"https:\/\/reperes.agency\/index.php\/services\/","title":{"rendered":"Services"},"content":{"rendered":"\t\t<div data-elementor-type=\"wp-page\" data-elementor-id=\"586\" class=\"elementor elementor-586\">\n\t\t\t\t\t\t<section class=\"elementor-section elementor-top-section elementor-element elementor-element-010c7ae elementor-section-boxed elementor-section-height-default elementor-section-height-default\" data-id=\"010c7ae\" data-element_type=\"section\" data-settings=\"{&quot;background_background&quot;:&quot;classic&quot;}\">\n\t\t\t\t\t\t<div class=\"elementor-container elementor-column-gap-default\">\n\t\t\t\t\t<div class=\"elementor-column elementor-col-100 elementor-top-column elementor-element elementor-element-48cb7bc\" data-id=\"48cb7bc\" data-element_type=\"column\">\n\t\t\t<div class=\"elementor-widget-wrap elementor-element-populated\">\n\t\t\t\t\t\t<section class=\"elementor-section elementor-inner-section elementor-element elementor-element-2be722e elementor-section-boxed elementor-section-height-default elementor-section-height-default\" data-id=\"2be722e\" data-element_type=\"section\">\n\t\t\t\t\t\t<div class=\"elementor-container elementor-column-gap-default\">\n\t\t\t\t\t<div class=\"elementor-column elementor-col-33 elementor-inner-column elementor-element elementor-element-a232b09\" data-id=\"a232b09\" data-element_type=\"column\">\n\t\t\t<div class=\"elementor-widget-wrap\">\n\t\t\t\t\t\t\t<\/div>\n\t\t<\/div>\n\t\t\t\t<div class=\"elementor-column elementor-col-33 elementor-inner-column elementor-element elementor-element-d8a5e3f\" data-id=\"d8a5e3f\" data-element_type=\"column\">\n\t\t\t<div class=\"elementor-widget-wrap elementor-element-populated\">\n\t\t\t\t\t\t<div class=\"elementor-element elementor-element-5f42508 elementor-widget elementor-widget-section-head-two\" data-id=\"5f42508\" data-element_type=\"widget\" data-widget_type=\"section-head-two.default\">\n\t\t\t\t<div class=\"elementor-widget-container\">\n\t\t\t\t\t\n\t\t\t\t\t<div class=\"text-center section-title tg-heading-subheading animation-style2\">\n\t\t\t\t\t\t            <h6 class=\"sub-title tg-element-title\">\n\t\t            \tNos Services\t\t            <\/h6>\n\t            \t            \t\t            <h2 class=\"title tg-element-title\"> Nous mettons en \u0153uvre nos id\u00e9es du d\u00e9but \u00e0 la fin. <\/h2>\n\t            \t        <\/div>\n\t\t\t\t\t\t\t\t<\/div>\n\t\t\t\t<\/div>\n\t\t\t\t\t<\/div>\n\t\t<\/div>\n\t\t\t\t<div class=\"elementor-column elementor-col-33 elementor-inner-column elementor-element elementor-element-c9b8411\" data-id=\"c9b8411\" data-element_type=\"column\">\n\t\t\t<div class=\"elementor-widget-wrap\">\n\t\t\t\t\t\t\t<\/div>\n\t\t<\/div>\n\t\t\t\t\t<\/div>\n\t\t<\/section>\n\t\t\t\t<section class=\"elementor-section elementor-inner-section elementor-element elementor-element-0305150 elementor-section-boxed elementor-section-height-default elementor-section-height-default\" data-id=\"0305150\" data-element_type=\"section\">\n\t\t\t\t\t\t<div class=\"elementor-container elementor-column-gap-default\">\n\t\t\t\t\t<div class=\"elementor-column elementor-col-100 elementor-inner-column elementor-element elementor-element-b1817b5\" data-id=\"b1817b5\" data-element_type=\"column\">\n\t\t\t<div class=\"elementor-widget-wrap elementor-element-populated\">\n\t\t\t\t\t\t<div class=\"elementor-element elementor-element-219de68 elementor-widget elementor-widget-section-service\" data-id=\"219de68\" data-element_type=\"widget\" data-widget_type=\"section-service.default\">\n\t\t\t\t<div class=\"elementor-widget-container\">\n\t\t\t\t\t\n\t\t\t                <div class=\"services-item-wrap-two\">\n                    <div class=\"row\">\n\t\t\t\t\t\t\t\t\t\t\t\t\t<div class=\"col-lg-4 col-md-6\">\n\t\t\t\t\t\t\t\t \n\t\t                            <div class=\"services-item-three shortcode-four red\">\n\t\t                                <div class=\"services-icon-three\">\n\t\t                                    <i class=\"ficon flaticon-social-media\"><\/i>\n\t\t                                <\/div>\n\t\t                                <div class=\"services-content-three\">\n\t\t                                    <h3 class=\"title\">\n\t\t\t\t\t\t\t\t\t\t\t\t\t\t\t\t\t\t\t\t\t\t\t\t\t<a href=\"https:\/\/reperes.agency\/index.php\/service\/conseil-en-communication-edition\/\">Conseil en Communication &#038; \u00c9dition<\/a>\n\t\t\t\t\t\t\t\t\t\t\t\t\t\t                                    <\/h3>\n\t\t                                    <p>Nous aidons les marques \u00e0 clarifier leur message et structurer leur communication.<\/p>\n\t\t                                <\/div>\n\t\t                            <\/div>\n\t\t                        \t\t\t\t\t\t\t<\/div>\n\t\t\t\t\t\t\t\t\t\t\t\t\t<div class=\"col-lg-4 col-md-6\">\n\t\t\t\t\t\t\t\t \n\t\t                            <div class=\"services-item-three shortcode-four yellow\">\n\t\t                                <div class=\"services-icon-three\">\n\t\t                                    <i class=\"ficon flaticon-settings\"><\/i>\n\t\t                                <\/div>\n\t\t                                <div class=\"services-content-three\">\n\t\t                                    <h3 class=\"title\">\n\t\t\t\t\t\t\t\t\t\t\t\t\t\t\t\t\t\t\t\t\t\t\t\t\t<a href=\"https:\/\/reperes.agency\/index.php\/service\/serigraphie\/\">S\u00e9rigraphie<\/a>\n\t\t\t\t\t\t\t\t\t\t\t\t\t\t                                    <\/h3>\n\t\t                                    <p>Personnalisation textile et supports physiques avec un rendu soign\u00e9 et durable.<\/p>\n\t\t                                <\/div>\n\t\t                            <\/div>\n\t\t                        \t\t\t\t\t\t\t<\/div>\n\t\t\t\t\t\t\t\t\t\t\t\t\t<div class=\"col-lg-4 col-md-6\">\n\t\t\t\t\t\t\t\t \n\t\t                            <div class=\"services-item-three shortcode-four blue\">\n\t\t                                <div class=\"services-icon-three\">\n\t\t                                    <i class=\"ficon flaticon-client\"><\/i>\n\t\t                                <\/div>\n\t\t                                <div class=\"services-content-three\">\n\t\t                                    <h3 class=\"title\">\n\t\t\t\t\t\t\t\t\t\t\t\t\t\t\t\t\t\t\t\t\t\t\t\t\t<a href=\"https:\/\/reperes.agency\/index.php\/service\/impression-numerique\/\">Impression Num\u00e9rique<\/a>\n\t\t\t\t\t\t\t\t\t\t\t\t\t\t                                    <\/h3>\n\t\t                                    <p>Impressions rapides et professionnelles pour tous vos supports.<\/p>\n\t\t                                <\/div>\n\t\t                            <\/div>\n\t\t                        \t\t\t\t\t\t\t<\/div>\n\t\t\t\t\t\t\t\t\t\t\t\t\t<div class=\"col-lg-4 col-md-6\">\n\t\t\t\t\t\t\t\t \n\t\t                            <div class=\"services-item-three shortcode-four green\">\n\t\t                                <div class=\"services-icon-three\">\n\t\t                                    <i class=\"ficon flaticon-strategy\"><\/i>\n\t\t                                <\/div>\n\t\t                                <div class=\"services-content-three\">\n\t\t                                    <h3 class=\"title\">\n\t\t\t\t\t\t\t\t\t\t\t\t\t\t\t\t\t\t\t\t\t\t\t\t\t<a href=\"https:\/\/reperes.agency\/index.php\/service\/marketing-evenementiel\/\">Marketing &#038; \u00c9v\u00e9nementiel<\/a>\n\t\t\t\t\t\t\t\t\t\t\t\t\t\t                                    <\/h3>\n\t\t                                    <p>Des actions et \u00e9v\u00e9nements pens\u00e9s pour valoriser votre marque.<\/p>\n\t\t                                <\/div>\n\t\t                            <\/div>\n\t\t                        \t\t\t\t\t\t\t<\/div>\n\t\t\t\t\t\t\t\t\t\t\t\t\t<div class=\"col-lg-4 col-md-6\">\n\t\t\t\t\t\t\t\t \n\t\t                            <div class=\"services-item-three shortcode-four orange\">\n\t\t                                <div class=\"services-icon-three\">\n\t\t                                    <i class=\"ficon flaticon-promotion\"><\/i>\n\t\t                                <\/div>\n\t\t                                <div class=\"services-content-three\">\n\t\t                                    <h3 class=\"title\">\n\t\t\t\t\t\t\t\t\t\t\t\t\t\t\t\t\t\t\t\t\t\t\t\t\t<a href=\"https:\/\/reperes.agency\/index.php\/service\/creation-de-visuels\/\">Cr\u00e9ation de Visuels<\/a>\n\t\t\t\t\t\t\t\t\t\t\t\t\t\t                                    <\/h3>\n\t\t                                    <p>Des visuels clairs et impactants au service de votre image.<\/p>\n\t\t                                <\/div>\n\t\t                            <\/div>\n\t\t                        \t\t\t\t\t\t\t<\/div>\n\t\t\t\t\t\t\t\t\t\t\t\t\t<div class=\"col-lg-4 col-md-6\">\n\t\t\t\t\t\t\t\t \n\t\t                            <div class=\"services-item-three shortcode-four navy-blue\">\n\t\t                                <div class=\"services-icon-three\">\n\t\t                                    <i class=\"ficon flaticon-playlist\"><\/i>\n\t\t                                <\/div>\n\t\t                                <div class=\"services-content-three\">\n\t\t                                    <h3 class=\"title\">\n\t\t\t\t\t\t\t\t\t\t\t\t\t\t\t\t\t\t\t\t\t\t\t\t\t<a href=\"https:\/\/reperes.agency\/index.php\/service\/objets-publicitaires\/\">Objets Publicitaires<\/a>\n\t\t\t\t\t\t\t\t\t\t\t\t\t\t                                    <\/h3>\n\t\t                                    <p>Des objets personnalis\u00e9s qui prolongent votre visibilit\u00e9.<\/p>\n\t\t                                <\/div>\n\t\t                            <\/div>\n\t\t                        \t\t\t\t\t\t\t<\/div>\n\t\t\t\t\t\t\t\t\t\t\t<\/div>\n\t\t\t\t<\/div>\n\t\t\t\t\t\t\t\t\t<\/div>\n\t\t\t\t<\/div>\n\t\t\t\t\t<\/div>\n\t\t<\/div>\n\t\t\t\t\t<\/div>\n\t\t<\/section>\n\t\t\t\t\t<\/div>\n\t\t<\/div>\n\t\t\t\t\t<\/div>\n\t\t<\/section>\n\t\t\t\t<section class=\"elementor-section elementor-top-section elementor-element elementor-element-35bf896 elementor-section-boxed elementor-section-height-default elementor-section-height-default\" data-id=\"35bf896\" data-element_type=\"section\">\n\t\t\t\t\t\t<div class=\"elementor-container elementor-column-gap-default\">\n\t\t\t\t\t<div class=\"elementor-column elementor-col-33 elementor-top-column elementor-element elementor-element-0307eb9\" data-id=\"0307eb9\" data-element_type=\"column\">\n\t\t\t<div class=\"elementor-widget-wrap\">\n\t\t\t\t\t\t\t<\/div>\n\t\t<\/div>\n\t\t\t\t<div class=\"elementor-column elementor-col-33 elementor-top-column elementor-element elementor-element-0352ae3\" data-id=\"0352ae3\" data-element_type=\"column\">\n\t\t\t<div class=\"elementor-widget-wrap elementor-element-populated\">\n\t\t\t\t\t\t<div class=\"elementor-element elementor-element-01b8f68 elementor-widget elementor-widget-section-head-two\" data-id=\"01b8f68\" data-element_type=\"widget\" data-widget_type=\"section-head-two.default\">\n\t\t\t\t<div class=\"elementor-widget-container\">\n\t\t\t\t\t\n\t\t\t\t\t<div class=\"text-center section-title tg-heading-subheading animation-style2\">\n\t\t\t\t\t\t            <h6 class=\"sub-title tg-element-title\">\n\t\t            \tNotre equipe\t\t            <\/h6>\n\t            \t            \t\t            <h2 class=\"title tg-element-title\"> D\u00e9couvrez l'\u00e9quipe de l'innovation <\/h2>\n\t            \t        <\/div>\n\t\t\t\t\t\t\t\t<\/div>\n\t\t\t\t<\/div>\n\t\t\t\t\t<\/div>\n\t\t<\/div>\n\t\t\t\t<div class=\"elementor-column elementor-col-33 elementor-top-column elementor-element elementor-element-95f8cd1\" data-id=\"95f8cd1\" data-element_type=\"column\">\n\t\t\t<div class=\"elementor-widget-wrap\">\n\t\t\t\t\t\t\t<\/div>\n\t\t<\/div>\n\t\t\t\t\t<\/div>\n\t\t<\/section>\n\t\t\t\t<section class=\"elementor-section elementor-top-section elementor-element elementor-element-42e11eb elementor-section-boxed elementor-section-height-default elementor-section-height-default\" data-id=\"42e11eb\" data-element_type=\"section\">\n\t\t\t\t\t\t<div class=\"elementor-container elementor-column-gap-default\">\n\t\t\t\t\t<div class=\"elementor-column elementor-col-100 elementor-top-column elementor-element elementor-element-e7dc07d\" data-id=\"e7dc07d\" data-element_type=\"column\">\n\t\t\t<div class=\"elementor-widget-wrap elementor-element-populated\">\n\t\t\t\t\t\t<div class=\"elementor-element elementor-element-2365731 elementor-widget elementor-widget-section-team\" data-id=\"2365731\" data-element_type=\"widget\" data-widget_type=\"section-team.default\">\n\t\t\t\t<div class=\"elementor-widget-container\">\n\t\t\t\t\t\n                            <div class=\"team-area-section-two\">\n                    <div class=\"row\">\n                                                <div class=\"col-lg-4 col-md-6 col-sm-6\">\n                            <div class=\"team-item-two\">\n                                                                    <div class=\"team-thumb-two\">\n                                         \n                                            <img fetchpriority=\"high\" decoding=\"async\" width=\"770\" height=\"460\" src=\"https:\/\/reperes.agency\/wp-content\/uploads\/2023\/01\/WhatsApp-Image-2026-02-17-at-13.10.17-770x460.jpeg\" class=\"attachment-spondtech-770-460 size-spondtech-770-460 wp-post-image\" alt=\"\" \/>                                        \n                                                                                     <div class=\"team-social\">\n                                                <ul class=\"list-wrap\">\n                                                                                                            <li><a href=\"#\"><i class=\"fab fa-facebook-f\"><\/i><\/a><\/li>\n                                                                                                                                                                <li><a href=\"#\"><i class=\"fab fa-twitter\"><\/i><\/a><\/li>\n                                                                                                                                                                <li><a href=\"#\"><i class=\"fab fa-linkedin-in\"><\/i><\/a><\/li>\n                                                                                                                                                                <li><a href=\"#\"><i class=\"fab fa-dribbble\"><\/i><\/a><\/li>\n                                                                                                                                                                                                                                                                <\/ul>\n                                            <\/div>\n                                                                            <\/div>\n                                                                <div class=\"team-content-two\">\n                                     \n                                        <h2 class=\"title\">Moussa<\/h4>\n                                                                                                                <span>Infographiste<\/span>\n                                                                    <\/div>\n                            <\/div>\n                        <\/div>\n                                               <div class=\"col-lg-4 col-md-6 col-sm-6\">\n                            <div class=\"team-item-two\">\n                                                                    <div class=\"team-thumb-two\">\n                                         \n                                            <img decoding=\"async\" width=\"770\" height=\"460\" src=\"https:\/\/reperes.agency\/wp-content\/uploads\/2023\/01\/WhatsApp-Image-2026-02-17-at-13.10.16-1-770x460.jpeg\" class=\"attachment-spondtech-770-460 size-spondtech-770-460 wp-post-image\" alt=\"\" \/>                                        \n                                                                                     <div class=\"team-social\">\n                                                <ul class=\"list-wrap\">\n                                                                                                            <li><a href=\"#\"><i class=\"fab fa-facebook-f\"><\/i><\/a><\/li>\n                                                                                                                                                                <li><a href=\"#\"><i class=\"fab fa-twitter\"><\/i><\/a><\/li>\n                                                                                                                                                                <li><a href=\"#\"><i class=\"fab fa-linkedin-in\"><\/i><\/a><\/li>\n                                                                                                                                                                <li><a href=\"#\"><i class=\"fab fa-dribbble\"><\/i><\/a><\/li>\n                                                                                                                                                                                                                                                                <\/ul>\n                                            <\/div>\n                                                                            <\/div>\n                                                                <div class=\"team-content-two\">\n                                     \n                                        <h2 class=\"title\">Khalifa<\/h4>\n                                                                                                                <span>Infographiste<\/span>\n                                                                    <\/div>\n                            <\/div>\n                        <\/div>\n                                               <div class=\"col-lg-4 col-md-6 col-sm-6\">\n                            <div class=\"team-item-two\">\n                                                                    <div class=\"team-thumb-two\">\n                                         \n                                            <img decoding=\"async\" width=\"770\" height=\"460\" src=\"https:\/\/reperes.agency\/wp-content\/uploads\/2023\/01\/WhatsApp-Image-2026-02-17-at-13.10.16-3-770x460.jpeg\" class=\"attachment-spondtech-770-460 size-spondtech-770-460 wp-post-image\" alt=\"\" \/>                                        \n                                                                                     <div class=\"team-social\">\n                                                <ul class=\"list-wrap\">\n                                                                                                            <li><a href=\"#\"><i class=\"fab fa-facebook-f\"><\/i><\/a><\/li>\n                                                                                                                                                                <li><a href=\"#\"><i class=\"fab fa-twitter\"><\/i><\/a><\/li>\n                                                                                                                                                                <li><a href=\"#\"><i class=\"fab fa-linkedin-in\"><\/i><\/a><\/li>\n                                                                                                                                                                <li><a href=\"#\"><i class=\"fab fa-dribbble\"><\/i><\/a><\/li>\n                                                                                                                                                                                                                                                                <\/ul>\n                                            <\/div>\n                                                                            <\/div>\n                                                                <div class=\"team-content-two\">\n                                     \n                                        <h2 class=\"title\">Dieynaba<\/h4>\n                                                                                                                <span>Marketing Officer<\/span>\n                                                                    <\/div>\n                            <\/div>\n                        <\/div>\n                                           <\/div>\n                <\/div>\n            \n        \t\t\t\t<\/div>\n\t\t\t\t<\/div>\n\t\t\t\t\t<\/div>\n\t\t<\/div>\n\t\t\t\t\t<\/div>\n\t\t<\/section>\n\t\t\t\t<\/div>\n\t\t","protected":false},"excerpt":{"rendered":"<p>Nos Services Nous mettons en \u0153uvre nos id\u00e9es du d\u00e9but \u00e0 la fin. Conseil en Communication &#038; \u00c9dition Nous aidons les marques \u00e0 clarifier leur message et structurer leur communication. S\u00e9rigraphie Personnalisation textile et supports physiques avec un rendu soign\u00e9 et durable. Impression Num\u00e9rique Impressions rapides et professionnelles pour tous vos supports. Marketing &#038; \u00c9v\u00e9nementiel [&hellip;]<\/p>\n","protected":false},"author":1,"featured_media":0,"parent":0,"menu_order":0,"comment_status":"closed","ping_status":"closed","template":"page-template\/blank-page-sidebar.php","meta":{"footnotes":""},"class_list":["post-586","page","type-page","status-publish","hentry"],"_links":{"self":[{"href":"https:\/\/reperes.agency\/index.php\/wp-json\/wp\/v2\/pages\/586","targetHints":{"allow":["GET"]}}],"collection":[{"href":"https:\/\/reperes.agency\/index.php\/wp-json\/wp\/v2\/pages"}],"about":[{"href":"https:\/\/reperes.agency\/index.php\/wp-json\/wp\/v2\/types\/page"}],"author":[{"embeddable":true,"href":"https:\/\/reperes.agency\/index.php\/wp-json\/wp\/v2\/users\/1"}],"replies":[{"embeddable":true,"href":"https:\/\/reperes.agency\/index.php\/wp-json\/wp\/v2\/comments?post=586"}],"version-history":[{"count":23,"href":"https:\/\/reperes.agency\/index.php\/wp-json\/wp\/v2\/pages\/586\/revisions"}],"predecessor-version":[{"id":1992,"href":"https:\/\/reperes.agency\/index.php\/wp-json\/wp\/v2\/pages\/586\/revisions\/1992"}],"wp:attachment":[{"href":"https:\/\/reperes.agency\/index.php\/wp-json\/wp\/v2\/media?parent=586"}],"curies":[{"name":"wp","href":"https:\/\/api.w.org\/{rel}","templated":true}]}}