{"id":618,"date":"2023-01-05T09:19:17","date_gmt":"2023-01-05T09:19:17","guid":{"rendered":"https:\/\/ifingerstudio.com\/spondtech\/?page_id=618"},"modified":"2026-03-26T11:31:17","modified_gmt":"2026-03-26T10:31:17","slug":"contact","status":"publish","type":"page","link":"https:\/\/reperes.agency\/index.php\/contact\/","title":{"rendered":"Contact"},"content":{"rendered":"\t\t<div data-elementor-type=\"wp-page\" data-elementor-id=\"618\" class=\"elementor elementor-618\">\n\t\t\t\t\t\t<section class=\"elementor-section elementor-top-section elementor-element elementor-element-ffd2c9f elementor-section-boxed elementor-section-height-default elementor-section-height-default\" data-id=\"ffd2c9f\" data-element_type=\"section\">\n\t\t\t\t\t\t<div class=\"elementor-container elementor-column-gap-default\">\n\t\t\t\t\t<div class=\"elementor-column elementor-col-50 elementor-top-column elementor-element elementor-element-33fa5c1\" data-id=\"33fa5c1\" data-element_type=\"column\">\n\t\t\t<div class=\"elementor-widget-wrap elementor-element-populated\">\n\t\t\t\t\t\t<div class=\"elementor-element elementor-element-e943fd5 elementor-widget elementor-widget-image\" data-id=\"e943fd5\" data-element_type=\"widget\" data-widget_type=\"image.default\">\n\t\t\t\t\t\t\t\t\t\t\t\t\t\t\t<img fetchpriority=\"high\" decoding=\"async\" width=\"736\" height=\"726\" src=\"https:\/\/reperes.agency\/wp-content\/uploads\/2025\/12\/c2bd78ee39e885e7be5a4c1b3ff5d59f-1.jpg\" class=\"attachment-full size-full wp-image-1542\" alt=\"\" srcset=\"https:\/\/reperes.agency\/wp-content\/uploads\/2025\/12\/c2bd78ee39e885e7be5a4c1b3ff5d59f-1.jpg 736w, https:\/\/reperes.agency\/wp-content\/uploads\/2025\/12\/c2bd78ee39e885e7be5a4c1b3ff5d59f-1-300x296.jpg 300w, https:\/\/reperes.agency\/wp-content\/uploads\/2025\/12\/c2bd78ee39e885e7be5a4c1b3ff5d59f-1-80x80.jpg 80w, https:\/\/reperes.agency\/wp-content\/uploads\/2025\/12\/c2bd78ee39e885e7be5a4c1b3ff5d59f-1-90x90.jpg 90w\" sizes=\"(max-width: 736px) 100vw, 736px\" \/>\t\t\t\t\t\t\t\t\t\t\t\t\t\t\t<\/div>\n\t\t\t\t\t<\/div>\n\t\t<\/div>\n\t\t\t\t<div class=\"elementor-column elementor-col-50 elementor-top-column elementor-element elementor-element-7c7cf5d\" data-id=\"7c7cf5d\" data-element_type=\"column\">\n\t\t\t<div class=\"elementor-widget-wrap elementor-element-populated\">\n\t\t\t\t\t\t<div class=\"elementor-element elementor-element-4f2e725 elementor-widget elementor-widget-contact-box\" data-id=\"4f2e725\" data-element_type=\"widget\" data-widget_type=\"contact-box.default\">\n\t\t\t\t<div class=\"elementor-widget-container\">\n\t\t\t\t\t\t\t<div class=\"contact-info-wrap-two\">\r\n\t\t\t\t\t\t\t<h2 class=\"title\">Nos coordonn\u00e9es<\/h2>\r\n\t\t\t\t\t\t\t\t\t\t<p>Notre \u00e9quipe est \u00e0 votre \u00e9coute pour vous accompagner dans la r\u00e9alisation de vos objectifs de communication<\/p>\r\n\t\t\t\t\t\t\t            <ul class=\"list-wrap\">\r\n\t            \t\t\t                <li>\r\n\t\t                \t<div class=\"icon\"><i class=\"fa fas fa-phone-volume\"><\/i><\/div>\r\n\t\t                \t<div class=\"content\">\r\n\t\t                \t\t<span>+221 78 514 08 08<\/span>\r\n\t\t                \t\t<span>+221 33 867 33 33<\/span>\r\n\t\t                \t<\/div>\r\n\t\t                <\/li>\r\n\t\t\t   \t\t\t\t                <li>\r\n\t\t                \t<div class=\"icon\"><i class=\"fa fas fa-paper-plane\"><\/i><\/div>\r\n\t\t                \t<div class=\"content\">\r\n\t\t                \t\t<span>reperes@reperesgroupe.com<\/span>\r\n\t\t                \t\t<span>reperes@reperesgroupe.com<\/span>\r\n\t\t                \t<\/div>\r\n\t\t                <\/li>\r\n\t\t\t   \t\t\t\t                <li>\r\n\t\t                \t<div class=\"icon\"><i class=\"fa fal fa-map-marker-alt\"><\/i><\/div>\r\n\t\t                \t<div class=\"content\">\r\n\t\t                \t\t<span>Dakar, Sacr\u00e8 Coeur 3<\/span>\r\n\t\t                \t\t<span>Sacr\u00e8 Coeur 3 Pyrot N.10604<\/span>\r\n\t\t                \t<\/div>\r\n\t\t                <\/li>\r\n\t\t\t   \t\t           \t\t<\/ul>\r\n\t\t\t\t    <\/div>\r\n\t\t\t\t\t<\/div>\n\t\t\t\t<\/div>\n\t\t\t\t\t<\/div>\n\t\t<\/div>\n\t\t\t\t\t<\/div>\n\t\t<\/section>\n\t\t\t\t<section class=\"elementor-section elementor-top-section elementor-element elementor-element-97b9ca8 elementor-section-boxed elementor-section-height-default elementor-section-height-default\" data-id=\"97b9ca8\" data-element_type=\"section\">\n\t\t\t\t\t\t<div class=\"elementor-container elementor-column-gap-default\">\n\t\t\t\t\t<div class=\"elementor-column elementor-col-50 elementor-top-column elementor-element elementor-element-05d1ff8\" data-id=\"05d1ff8\" data-element_type=\"column\">\n\t\t\t<div class=\"elementor-widget-wrap elementor-element-populated\">\n\t\t\t\t\t\t<div class=\"elementor-element elementor-element-6a17446 elementor-widget elementor-widget-spondtech-cf7\" data-id=\"6a17446\" data-element_type=\"widget\" data-widget_type=\"spondtech-cf7.default\">\n\t\t\t\t<div class=\"elementor-widget-container\">\n\t\t\t\t\t            <div class=\"form_btn_cf7\">\r\n\t\t\t\t<div class=\"form_section_area\">\r\n\t\t\t\t\t\t\t\t\t\t    <h2 class=\"title\"> Restons en contact <\/h2>\r\n\t\t\t\t\t\t\t\t\t\t\t\t\t\t\t    <p>\r\n\t\t\t\t\t    \tVous avez un projet en t\u00eate ? Une question sur nos services ? Notre \u00e9quipe est \u00e0 votre \u00e9coute pour vous accompagner dans la r\u00e9alisation de vos objectifs de communication. \t\t\t\t\t    <\/p>\r\n\t\t\t\t\t\t\t\t\t<\/div>\r\n            \t\n<div class=\"wpcf7 no-js\" id=\"wpcf7-f7-o1\" lang=\"fr-FR\" dir=\"ltr\" data-wpcf7-id=\"7\">\n<div class=\"screen-reader-response\"><p role=\"status\" aria-live=\"polite\" aria-atomic=\"true\"><\/p> <ul><\/ul><\/div>\n<form action=\"\/index.php\/wp-json\/wp\/v2\/pages\/618#wpcf7-f7-o1\" method=\"post\" class=\"wpcf7-form init\" aria-label=\"Formulaire de contact\" novalidate=\"novalidate\" data-status=\"init\">\n<fieldset class=\"hidden-fields-container\"><input type=\"hidden\" name=\"_wpcf7\" value=\"7\" \/><input type=\"hidden\" name=\"_wpcf7_version\" value=\"6.1.4\" \/><input type=\"hidden\" name=\"_wpcf7_locale\" value=\"fr_FR\" \/><input type=\"hidden\" name=\"_wpcf7_unit_tag\" value=\"wpcf7-f7-o1\" \/><input type=\"hidden\" name=\"_wpcf7_container_post\" value=\"0\" \/><input type=\"hidden\" name=\"_wpcf7_posted_data_hash\" value=\"\" \/>\n<\/fieldset>\n<p><label> Votre nom<br \/>\n<span class=\"wpcf7-form-control-wrap\" data-name=\"your-name\"><input size=\"40\" maxlength=\"400\" class=\"wpcf7-form-control wpcf7-text wpcf7-validates-as-required\" autocomplete=\"name\" aria-required=\"true\" aria-invalid=\"false\" value=\"\" type=\"text\" name=\"your-name\" \/><\/span> <\/label>\n<\/p>\n<p><label> Votre e-mail<br \/>\n<span class=\"wpcf7-form-control-wrap\" data-name=\"your-email\"><input size=\"40\" maxlength=\"400\" class=\"wpcf7-form-control wpcf7-email wpcf7-validates-as-required wpcf7-text wpcf7-validates-as-email\" autocomplete=\"email\" aria-required=\"true\" aria-invalid=\"false\" value=\"\" type=\"email\" name=\"your-email\" \/><\/span> <\/label>\n<\/p>\n<p><label> Objet<br \/>\n<span class=\"wpcf7-form-control-wrap\" data-name=\"your-subject\"><input size=\"40\" maxlength=\"400\" class=\"wpcf7-form-control wpcf7-text wpcf7-validates-as-required\" aria-required=\"true\" aria-invalid=\"false\" value=\"\" type=\"text\" name=\"your-subject\" \/><\/span> <\/label>\n<\/p>\n<p><label> Votre message (facultatif)<br \/>\n<span class=\"wpcf7-form-control-wrap\" data-name=\"your-message\"><textarea cols=\"40\" rows=\"10\" maxlength=\"2000\" class=\"wpcf7-form-control wpcf7-textarea\" aria-invalid=\"false\" name=\"your-message\"><\/textarea><\/span> <\/label>\n<\/p>\n<p><input class=\"wpcf7-form-control wpcf7-submit has-spinner\" type=\"submit\" value=\"Envoyer\" \/>\n<\/p><div class=\"wpcf7-response-output\" aria-hidden=\"true\"><\/div>\n<\/form>\n<\/div>\n            <\/div>\r\n        \t\t\t\t<\/div>\n\t\t\t\t<\/div>\n\t\t\t\t\t<\/div>\n\t\t<\/div>\n\t\t\t\t<div class=\"elementor-column elementor-col-50 elementor-top-column elementor-element elementor-element-f0bd42e\" data-id=\"f0bd42e\" data-element_type=\"column\">\n\t\t\t<div class=\"elementor-widget-wrap elementor-element-populated\">\n\t\t\t\t\t\t<div class=\"elementor-element elementor-element-b95f2a0 elementor-widget elementor-widget-google_maps\" data-id=\"b95f2a0\" data-element_type=\"widget\" data-widget_type=\"google_maps.default\">\n\t\t\t\t\t\t\t<div class=\"elementor-custom-embed\">\n\t\t\t<iframe loading=\"lazy\"\n\t\t\t\t\tsrc=\"https:\/\/maps.google.com\/maps?q=Sacr%C3%A9%20coeur%203%20PYROT%2C%20Dakar%2C%20Senegal&#038;t=m&#038;z=16&#038;output=embed&#038;iwloc=near\"\n\t\t\t\t\ttitle=\"Sacr\u00e9 coeur 3 PYROT, Dakar, Senegal\"\n\t\t\t\t\taria-label=\"Sacr\u00e9 coeur 3 PYROT, Dakar, Senegal\"\n\t\t\t><\/iframe>\n\t\t<\/div>\n\t\t\t\t\t\t<\/div>\n\t\t\t\t\t<\/div>\n\t\t<\/div>\n\t\t\t\t\t<\/div>\n\t\t<\/section>\n\t\t\t\t<\/div>\n\t\t","protected":false},"excerpt":{"rendered":"<p>Nos coordonn\u00e9es Notre \u00e9quipe est \u00e0 votre \u00e9coute pour vous accompagner dans la r\u00e9alisation de vos objectifs de communication +221 78 514 08 08 +221 33 867 33 33 reperes@reperesgroupe.com reperes@reperesgroupe.com Dakar, Sacr\u00e8 Coeur 3 Sacr\u00e8 Coeur 3 Pyrot N.10604 Restons en contact Vous avez un projet en t\u00eate ? Une question sur nos services [&hellip;]<\/p>\n","protected":false},"author":1,"featured_media":0,"parent":0,"menu_order":0,"comment_status":"closed","ping_status":"closed","template":"page-template\/blank-page-sidebar.php","meta":{"footnotes":""},"class_list":["post-618","page","type-page","status-publish","hentry"],"_links":{"self":[{"href":"https:\/\/reperes.agency\/index.php\/wp-json\/wp\/v2\/pages\/618","targetHints":{"allow":["GET"]}}],"collection":[{"href":"https:\/\/reperes.agency\/index.php\/wp-json\/wp\/v2\/pages"}],"about":[{"href":"https:\/\/reperes.agency\/index.php\/wp-json\/wp\/v2\/types\/page"}],"author":[{"embeddable":true,"href":"https:\/\/reperes.agency\/index.php\/wp-json\/wp\/v2\/users\/1"}],"replies":[{"embeddable":true,"href":"https:\/\/reperes.agency\/index.php\/wp-json\/wp\/v2\/comments?post=618"}],"version-history":[{"count":29,"href":"https:\/\/reperes.agency\/index.php\/wp-json\/wp\/v2\/pages\/618\/revisions"}],"predecessor-version":[{"id":1983,"href":"https:\/\/reperes.agency\/index.php\/wp-json\/wp\/v2\/pages\/618\/revisions\/1983"}],"wp:attachment":[{"href":"https:\/\/reperes.agency\/index.php\/wp-json\/wp\/v2\/media?parent=618"}],"curies":[{"name":"wp","href":"https:\/\/api.w.org\/{rel}","templated":true}]}}